{"id":421,"date":"2025-10-02T19:31:41","date_gmt":"2025-10-02T17:31:41","guid":{"rendered":"https:\/\/alaconquetedelespagnol.com\/panier\/"},"modified":"2025-10-02T19:31:41","modified_gmt":"2025-10-02T17:31:41","slug":"panier","status":"publish","type":"page","link":"https:\/\/alaconquetedelespagnol.com\/?page_id=421","title":{"rendered":"Panier"},"content":{"rendered":"\n<div data-block-name=\"woocommerce\/cart\" class=\"wp-block-woocommerce-cart alignwide is-loading\">\n<div data-block-name=\"woocommerce\/filled-cart-block\" class=\"wp-block-woocommerce-filled-cart-block\">\n<div data-block-name=\"woocommerce\/cart-items-block\" class=\"wp-block-woocommerce-cart-items-block\">\n<div data-block-name=\"woocommerce\/cart-line-items-block\" class=\"wp-block-woocommerce-cart-line-items-block\"><\/div>\n\n\n<\/div>\n\n\n\n\n<div data-block-name=\"woocommerce\/cart-totals-block\" class=\"wp-block-woocommerce-cart-totals-block\">\n<div data-block-name=\"woocommerce\/cart-order-summary-block\" class=\"wp-block-woocommerce-cart-order-summary-block\">\n<div data-block-name=\"woocommerce\/cart-order-summary-heading-block\" class=\"wp-block-woocommerce-cart-order-summary-heading-block\"><\/div><div data-block-name=\"woocommerce\/cart-order-summary-coupon-form-block\" class=\"wp-block-woocommerce-cart-order-summary-coupon-form-block\"><\/div><div data-block-name=\"woocommerce\/cart-order-summary-totals-block\" class=\"wp-block-woocommerce-cart-order-summary-totals-block\">\n<div data-block-name=\"woocommerce\/cart-order-summary-subtotal-block\" class=\"wp-block-woocommerce-cart-order-summary-subtotal-block\"><\/div>\n<div data-block-name=\"woocommerce\/cart-order-summary-discount-block\" class=\"wp-block-woocommerce-cart-order-summary-discount-block\"><\/div>\n<div data-block-name=\"woocommerce\/cart-order-summary-fee-block\" class=\"wp-block-woocommerce-cart-order-summary-fee-block\"><\/div>\n<div data-block-name=\"woocommerce\/cart-order-summary-shipping-block\" class=\"wp-block-woocommerce-cart-order-summary-shipping-block\"><\/div>\n<div data-block-name=\"woocommerce\/cart-order-summary-taxes-block\" class=\"wp-block-woocommerce-cart-order-summary-taxes-block\"><\/div><\/div>\n<\/div>\n\n\n\n<div data-block-name=\"woocommerce\/cart-express-payment-block\" class=\"wp-block-woocommerce-cart-express-payment-block\"><\/div>\n\n\n\n<div data-block-name=\"woocommerce\/proceed-to-checkout-block\" class=\"wp-block-woocommerce-proceed-to-checkout-block\"><\/div>\n\n\n\n<div data-block-name=\"woocommerce\/cart-accepted-payment-methods-block\" class=\"wp-block-woocommerce-cart-accepted-payment-methods-block\"><\/div>\n<\/div>\n<\/div>\n\n\n\n<div data-block-name=\"woocommerce\/empty-cart-block\" class=\"wp-block-woocommerce-empty-cart-block\">\n<h2 class=\"wp-block-heading has-text-align-center with-empty-cart-icon wc-block-cart__empty-cart__title\">Votre panier est actuellement vide\u00a0!<\/h2>\n\n\n\n<hr class=\"wp-block-separator has-alpha-channel-opacity is-style-dots\" \/>\n\n\n\n<h2 class=\"wp-block-heading has-text-align-center\">Nouveau dans la boutique<\/h2>\n\n\n<div data-block-name=\"woocommerce\/product-new\" data-columns=\"4\" data-rows=\"1\" class=\"wc-block-grid wp-block-product-new wp-block-woocommerce-product-new wc-block-product-new has-4-columns\"><ul class=\"wc-block-grid__products\"><li class=\"wc-block-grid__product\">\n\t\t\t\t<a href=\"https:\/\/alaconquetedelespagnol.com\/?product=13-rituels-vers-la-reussite\" class=\"wc-block-grid__product-link\">\n\t\t\t\t\t\n\t\t\t\t\t<div class=\"wc-block-grid__product-image\"><img fetchpriority=\"high\" decoding=\"async\" width=\"300\" height=\"300\" src=\"https:\/\/alaconquetedelespagnol.com\/wp-content\/uploads\/2026\/03\/PDG-A001-1-1-300x300.png?crop=1\" class=\"attachment-woocommerce_thumbnail size-woocommerce_thumbnail\" alt=\"13 rituels vers la r\u00e9ussite\" srcset=\"https:\/\/alaconquetedelespagnol.com\/wp-content\/uploads\/2026\/03\/PDG-A001-1-1-300x300.png?crop=1 300w, https:\/\/alaconquetedelespagnol.com\/wp-content\/uploads\/2026\/03\/PDG-A001-1-1-1024x1024.png 1024w, https:\/\/alaconquetedelespagnol.com\/wp-content\/uploads\/2026\/03\/PDG-A001-1-1-150x150.png?crop=1 150w, https:\/\/alaconquetedelespagnol.com\/wp-content\/uploads\/2026\/03\/PDG-A001-1-1-768x768.png 768w, https:\/\/alaconquetedelespagnol.com\/wp-content\/uploads\/2026\/03\/PDG-A001-1-1-1536x1536.png 1536w, https:\/\/alaconquetedelespagnol.com\/wp-content\/uploads\/2026\/03\/PDG-A001-1-1-1320x1320.png 1320w, https:\/\/alaconquetedelespagnol.com\/wp-content\/uploads\/2026\/03\/PDG-A001-1-1-600x600.png?crop=1 600w, https:\/\/alaconquetedelespagnol.com\/wp-content\/uploads\/2026\/03\/PDG-A001-1-1-100x100.png?crop=1 100w, https:\/\/alaconquetedelespagnol.com\/wp-content\/uploads\/2026\/03\/PDG-A001-1-1.png 1654w\" sizes=\"(max-width: 300px) 100vw, 300px\" data-attachment-id=\"1531\" data-permalink=\"https:\/\/alaconquetedelespagnol.com\/?attachment_id=1531\" data-orig-file=\"https:\/\/alaconquetedelespagnol.com\/wp-content\/uploads\/2026\/03\/PDG-A001-1-1.png\" data-orig-size=\"1654,1654\" data-comments-opened=\"1\" data-image-meta=\"{&quot;aperture&quot;:&quot;0&quot;,&quot;credit&quot;:&quot;&quot;,&quot;camera&quot;:&quot;&quot;,&quot;caption&quot;:&quot;&quot;,&quot;created_timestamp&quot;:&quot;0&quot;,&quot;copyright&quot;:&quot;&quot;,&quot;focal_length&quot;:&quot;0&quot;,&quot;iso&quot;:&quot;0&quot;,&quot;shutter_speed&quot;:&quot;0&quot;,&quot;title&quot;:&quot;&quot;,&quot;orientation&quot;:&quot;0&quot;}\" data-image-title=\"PDG A001 &amp;#8211; 1\" data-image-description=\"\" data-image-caption=\"\" data-large-file=\"https:\/\/alaconquetedelespagnol.com\/wp-content\/uploads\/2026\/03\/PDG-A001-1-1-1024x1024.png\" \/><\/div>\n\t\t\t\t\t<div class=\"wc-block-grid__product-title\">13 rituels vers la r\u00e9ussite<\/div>\n\t\t\t\t<\/a>\n\t\t\t\t<div class=\"wc-block-grid__product-price price\"><span class=\"woocommerce-Price-amount amount\"><span class=\"woocommerce-Price-currencySymbol\">&euro;<\/span>7.50<\/span><\/div>\n\t\t\t\t\n\t\t\t\t<div class=\"wp-block-button wc-block-grid__product-add-to-cart\"><a href=\"\/index.php?rest_route=%2Fwp%2Fv2%2Fpages%2F421&#038;add-to-cart=1520\" aria-label=\"Ajouter au panier\u00a0: &ldquo;13 rituels vers la r\u00e9ussite&rdquo;\" data-quantity=\"1\" data-product_id=\"1520\" data-product_sku=\"\" data-price=\"7.5\" rel=\"nofollow\" class=\"wp-block-button__link wp-element-button add_to_cart_button ajax_add_to_cart\">Ajouter au panier<\/a><\/div>\n\t\t\t<\/li><\/ul><\/div><\/div>\n<\/div>\n","protected":false},"excerpt":{"rendered":"","protected":false},"author":1,"featured_media":0,"parent":0,"menu_order":0,"comment_status":"closed","ping_status":"closed","template":"","meta":{"_crdt_document":"","jetpack_post_was_ever_published":false,"footnotes":""},"class_list":["post-421","page","type-page","status-publish","hentry"],"yoast_head":"<!-- This site is optimized with the Yoast SEO plugin v27.3 - https:\/\/yoast.com\/product\/yoast-seo-wordpress\/ -->\n<title>Panier - A la conqu\u00eate de l&#039;espagnol<\/title>\n<meta name=\"robots\" content=\"index, follow, max-snippet:-1, max-image-preview:large, max-video-preview:-1\" \/>\n<link rel=\"canonical\" href=\"https:\/\/alaconquetedelespagnol.com\/?page_id=421\" \/>\n<meta property=\"og:locale\" content=\"fr_FR\" \/>\n<meta property=\"og:type\" content=\"article\" \/>\n<meta property=\"og:title\" content=\"Panier - A la conqu\u00eate de l&#039;espagnol\" \/>\n<meta property=\"og:url\" content=\"https:\/\/alaconquetedelespagnol.com\/?page_id=421\" \/>\n<meta property=\"og:site_name\" content=\"A la conqu\u00eate de l&#039;espagnol\" \/>\n<meta name=\"twitter:card\" content=\"summary_large_image\" \/>\n<script type=\"application\/ld+json\" class=\"yoast-schema-graph\">{\"@context\":\"https:\\\/\\\/schema.org\",\"@graph\":[{\"@type\":\"WebPage\",\"@id\":\"https:\\\/\\\/alaconquetedelespagnol.com\\\/?page_id=421\",\"url\":\"https:\\\/\\\/alaconquetedelespagnol.com\\\/?page_id=421\",\"name\":\"Panier - A la conqu\u00eate de l&#039;espagnol\",\"isPartOf\":{\"@id\":\"https:\\\/\\\/alaconquetedelespagnol.com\\\/#website\"},\"datePublished\":\"2025-10-02T17:31:41+00:00\",\"breadcrumb\":{\"@id\":\"https:\\\/\\\/alaconquetedelespagnol.com\\\/?page_id=421#breadcrumb\"},\"inLanguage\":\"fr-FR\",\"potentialAction\":[{\"@type\":\"ReadAction\",\"target\":[\"https:\\\/\\\/alaconquetedelespagnol.com\\\/?page_id=421\"]}]},{\"@type\":\"BreadcrumbList\",\"@id\":\"https:\\\/\\\/alaconquetedelespagnol.com\\\/?page_id=421#breadcrumb\",\"itemListElement\":[{\"@type\":\"ListItem\",\"position\":1,\"name\":\"Accueil\",\"item\":\"https:\\\/\\\/alaconquetedelespagnol.com\\\/\"},{\"@type\":\"ListItem\",\"position\":2,\"name\":\"Panier\"}]},{\"@type\":\"WebSite\",\"@id\":\"https:\\\/\\\/alaconquetedelespagnol.com\\\/#website\",\"url\":\"https:\\\/\\\/alaconquetedelespagnol.com\\\/\",\"name\":\"A la conqu\u00eate de l'espagnol\",\"description\":\"Ressources pour profs d&#039;espagnol d\u00e9butants, d\u00e9bord\u00e9s ou en qu\u00eate de renouveau + acc\u00e8s \u00e0 une communaut\u00e9 priv\u00e9e avec des accompagnements en visio !\",\"potentialAction\":[{\"@type\":\"SearchAction\",\"target\":{\"@type\":\"EntryPoint\",\"urlTemplate\":\"https:\\\/\\\/alaconquetedelespagnol.com\\\/?s={search_term_string}\"},\"query-input\":{\"@type\":\"PropertyValueSpecification\",\"valueRequired\":true,\"valueName\":\"search_term_string\"}}],\"inLanguage\":\"fr-FR\"}]}<\/script>\n<!-- \/ Yoast SEO plugin. -->","yoast_head_json":{"title":"Panier - A la conqu\u00eate de l&#039;espagnol","robots":{"index":"index","follow":"follow","max-snippet":"max-snippet:-1","max-image-preview":"max-image-preview:large","max-video-preview":"max-video-preview:-1"},"canonical":"https:\/\/alaconquetedelespagnol.com\/?page_id=421","og_locale":"fr_FR","og_type":"article","og_title":"Panier - A la conqu\u00eate de l&#039;espagnol","og_url":"https:\/\/alaconquetedelespagnol.com\/?page_id=421","og_site_name":"A la conqu\u00eate de l&#039;espagnol","twitter_card":"summary_large_image","schema":{"@context":"https:\/\/schema.org","@graph":[{"@type":"WebPage","@id":"https:\/\/alaconquetedelespagnol.com\/?page_id=421","url":"https:\/\/alaconquetedelespagnol.com\/?page_id=421","name":"Panier - A la conqu\u00eate de l&#039;espagnol","isPartOf":{"@id":"https:\/\/alaconquetedelespagnol.com\/#website"},"datePublished":"2025-10-02T17:31:41+00:00","breadcrumb":{"@id":"https:\/\/alaconquetedelespagnol.com\/?page_id=421#breadcrumb"},"inLanguage":"fr-FR","potentialAction":[{"@type":"ReadAction","target":["https:\/\/alaconquetedelespagnol.com\/?page_id=421"]}]},{"@type":"BreadcrumbList","@id":"https:\/\/alaconquetedelespagnol.com\/?page_id=421#breadcrumb","itemListElement":[{"@type":"ListItem","position":1,"name":"Accueil","item":"https:\/\/alaconquetedelespagnol.com\/"},{"@type":"ListItem","position":2,"name":"Panier"}]},{"@type":"WebSite","@id":"https:\/\/alaconquetedelespagnol.com\/#website","url":"https:\/\/alaconquetedelespagnol.com\/","name":"A la conqu\u00eate de l'espagnol","description":"Ressources pour profs d&#039;espagnol d\u00e9butants, d\u00e9bord\u00e9s ou en qu\u00eate de renouveau + acc\u00e8s \u00e0 une communaut\u00e9 priv\u00e9e avec des accompagnements en visio !","potentialAction":[{"@type":"SearchAction","target":{"@type":"EntryPoint","urlTemplate":"https:\/\/alaconquetedelespagnol.com\/?s={search_term_string}"},"query-input":{"@type":"PropertyValueSpecification","valueRequired":true,"valueName":"search_term_string"}}],"inLanguage":"fr-FR"}]}},"jetpack_sharing_enabled":true,"jetpack_likes_enabled":true,"jetpack_shortlink":"https:\/\/wp.me\/PgHo69-6N","_links":{"self":[{"href":"https:\/\/alaconquetedelespagnol.com\/index.php?rest_route=\/wp\/v2\/pages\/421","targetHints":{"allow":["GET"]}}],"collection":[{"href":"https:\/\/alaconquetedelespagnol.com\/index.php?rest_route=\/wp\/v2\/pages"}],"about":[{"href":"https:\/\/alaconquetedelespagnol.com\/index.php?rest_route=\/wp\/v2\/types\/page"}],"author":[{"embeddable":true,"href":"https:\/\/alaconquetedelespagnol.com\/index.php?rest_route=\/wp\/v2\/users\/1"}],"replies":[{"embeddable":true,"href":"https:\/\/alaconquetedelespagnol.com\/index.php?rest_route=%2Fwp%2Fv2%2Fcomments&post=421"}],"version-history":[{"count":0,"href":"https:\/\/alaconquetedelespagnol.com\/index.php?rest_route=\/wp\/v2\/pages\/421\/revisions"}],"wp:attachment":[{"href":"https:\/\/alaconquetedelespagnol.com\/index.php?rest_route=%2Fwp%2Fv2%2Fmedia&parent=421"}],"curies":[{"name":"wp","href":"https:\/\/api.w.org\/{rel}","templated":true}]}}